{"id":1204,"date":"2021-11-22T20:25:17","date_gmt":"2021-11-22T19:25:17","guid":{"rendered":"https:\/\/quilla.es\/?page_id=1204"},"modified":"2025-09-19T13:53:15","modified_gmt":"2025-09-19T11:53:15","slug":"aviso-legal","status":"publish","type":"page","link":"https:\/\/quilla.es\/en\/aviso-legal\/","title":{"rendered":"Legal Notice"},"content":{"rendered":"<div data-elementor-type=\"wp-page\" data-elementor-id=\"1204\" class=\"elementor elementor-1204\" data-elementor-post-type=\"page\">\n\t\t\t\t<div class=\"elementor-element elementor-element-e0d7eff e-flex e-con-boxed e-con e-parent\" data-id=\"e0d7eff\" data-element_type=\"container\" data-e-type=\"container\">\n\t\t\t\t\t<div class=\"e-con-inner\">\n\t\t\t\t<div class=\"elementor-element elementor-element-905d71a elementor-widget elementor-widget-heading\" data-id=\"905d71a\" data-element_type=\"widget\" data-e-type=\"widget\" data-widget_type=\"heading.default\">\n\t\t\t\t\t<h2 class=\"elementor-heading-title elementor-size-default\">Legal notice and general conditions of use.\n<\/h2>\t\t\t\t<\/div>\n\t\t\t\t<div class=\"elementor-element elementor-element-6d38023 elementor-widget elementor-widget-text-editor\" data-id=\"6d38023\" data-element_type=\"widget\" data-e-type=\"widget\" data-widget_type=\"text-editor.default\">\n\t\t\t\t\t\t\t\t\t<p>I. GENERAL INFORMATION<\/p>\t\t\t\t\t\t\t\t<\/div>\n\t\t\t\t<div class=\"elementor-element elementor-element-dad49e4 elementor-widget elementor-widget-text-editor\" data-id=\"dad49e4\" data-element_type=\"widget\" data-e-type=\"widget\" data-widget_type=\"text-editor.default\">\n\t\t\t\t\t\t\t\t\t<p>In compliance with the duty of information provided in Law 34\/2002 on Information Society Services and Electronic Commerce (LSSI-CE) of July 11, the following general information about this website is provided below:<\/p>\n<p>The ownership of this website, https:\/\/quilla.es, (hereinafter, Website) is held by: <strong>Taste of Cadiz SL<\/strong>, with NIF: B72100373, and whose contact details are:<\/p>\n<p>Contact email: <a href=\"mailto:quilla@quilla.es\">quilla@quilla.es<\/a><\/p>\t\t\t\t\t\t\t\t<\/div>\n\t\t\t\t<div class=\"elementor-element elementor-element-abe0ce3 elementor-widget elementor-widget-text-editor\" data-id=\"abe0ce3\" data-element_type=\"widget\" data-e-type=\"widget\" data-widget_type=\"text-editor.default\">\n\t\t\t\t\t\t\t\t\t<p>II. GENERAL TERMS AND CONDITIONS OF USE<\/p>\t\t\t\t\t\t\t\t<\/div>\n\t\t\t\t<div class=\"elementor-element elementor-element-7a5d1a1 elementor-widget elementor-widget-text-editor\" data-id=\"7a5d1a1\" data-element_type=\"widget\" data-e-type=\"widget\" data-widget_type=\"text-editor.default\">\n\t\t\t\t\t\t\t\t\t<p>The purpose of the conditions: The Website<\/p>\t\t\t\t\t\t\t\t<\/div>\n\t\t\t\t<div class=\"elementor-element elementor-element-793f1f5 elementor-widget elementor-widget-text-editor\" data-id=\"793f1f5\" data-element_type=\"widget\" data-e-type=\"widget\" data-widget_type=\"text-editor.default\">\n\t\t\t\t\t\t\t\t\t<p>The purpose of these General Conditions of Use (hereinafter, Conditions) is to regulate access to and use of the Website. For the purposes of these Conditions, the Website shall be understood as: the external appearance of the screen interfaces, both static and dynamic, i.e., the navigation tree; and all elements integrated into both the screen interfaces and the navigation tree (hereinafter, Contents) and all online services or resources that it may offer to Users (hereinafter, Services).<\/p>\n<p><strong>KEEL<\/strong> reserves the right to modify, at any time and without prior notice, the presentation and configuration of the Website and the Content and Services that may be incorporated therein. The User acknowledges and accepts that at any time <strong>KEEL<\/strong> may interrupt, deactivate and\/or cancel any of these elements that are integrated into the Website or access to them.<\/p>\t\t\t\t\t\t\t\t<\/div>\n\t\t\t\t<div class=\"elementor-element elementor-element-260ccc4 elementor-widget elementor-widget-text-editor\" data-id=\"260ccc4\" data-element_type=\"widget\" data-e-type=\"widget\" data-widget_type=\"text-editor.default\">\n\t\t\t\t\t\t\t\t\t<p>The User<\/p>\t\t\t\t\t\t\t\t<\/div>\n\t\t\t\t<div class=\"elementor-element elementor-element-24186cf elementor-widget elementor-widget-text-editor\" data-id=\"24186cf\" data-element_type=\"widget\" data-e-type=\"widget\" data-widget_type=\"text-editor.default\">\n\t\t\t\t\t\t\t\t\t<p>Access, browsing, and use of the Website confers the status of User, and Users therefore accept, from the moment they begin browsing the Website, all of the Conditions established herein, as well as any subsequent modifications, without prejudice to the application of the corresponding mandatory legal regulations, as applicable. Given the importance of the foregoing, Users are advised to read them each time they visit the Website.<\/p>\n<p>The Website of <strong>KEEL<\/strong> provides a wide variety of information, services, and data. The User assumes responsibility for proper use of the Website. This responsibility extends to:<\/p>\n<ul>\n<li>A use of the information, Contents and\/or Services and data offered by <strong>KEEL<\/strong> without being contrary to the provisions of these Conditions, the Law, morality or public order, or that in any other way may imply injury to the rights of third parties or the operation of the Website itself.<\/li>\n<li>The veracity and legality of the information provided by the User in the forms extended by <strong>KEEL<\/strong> for access to certain Content or Services offered by the Website. In any case, the User will immediately notify <strong>KEEL<\/strong> about any event that may lead to the misuse of the information recorded in said forms, such as, but not limited to, theft, loss, or unauthorized access to identifiers and\/or passwords, in order to proceed with their immediate cancellation.<\/li>\n<\/ul>\n<div>\u00a0<\/div>\n<p>Mere access to this Website does not imply any type of commercial relationship between <strong>KEEL<\/strong> and the User.<\/p>\t\t\t\t\t\t\t\t<\/div>\n\t\t\t\t<div class=\"elementor-element elementor-element-86cbdb0 elementor-widget elementor-widget-text-editor\" data-id=\"86cbdb0\" data-element_type=\"widget\" data-e-type=\"widget\" data-widget_type=\"text-editor.default\">\n\t\t\t\t\t\t\t\t\t<p>III. ACCESS AND NAVIGATION ON THE WEBSITE: EXCLUSION OF WARRANTIES AND LIABILITY<\/p>\t\t\t\t\t\t\t\t<\/div>\n\t\t\t\t<div class=\"elementor-element elementor-element-d95b1af elementor-widget elementor-widget-text-editor\" data-id=\"d95b1af\" data-element_type=\"widget\" data-e-type=\"widget\" data-widget_type=\"text-editor.default\">\n\t\t\t\t\t\t\t\t\t<p><strong>KEEL<\/strong> does not guarantee the continuity, availability and usefulness of the Website, nor of the Contents or Services. <strong>KEEL<\/strong> will do everything possible to ensure the proper functioning of the Website; however, it is not responsible for, nor does it guarantee that access to this Website will be uninterrupted or error-free.<\/p>\n<p>Nor is it responsible or guaranteed that the content or software that may be accessed through this Website is error-free or will cause damage to the User&#039;s computer system (software and hardware). Under no circumstances <strong>KEEL<\/strong> will be liable for any loss, damage or harm of any kind arising from access, browsing and use of the Website, including, but not limited to, those caused to computer systems or those caused by the introduction of viruses.<\/p>\n<p><strong>KEEL<\/strong> Nor is it responsible for any damages that may be caused to users due to improper use of this Website. In particular, it is not responsible in any way for any outages, interruptions, failures, or defects in telecommunications that may occur.<\/p>\t\t\t\t\t\t\t\t<\/div>\n\t\t\t\t<div class=\"elementor-element elementor-element-9a124b8 elementor-widget elementor-widget-text-editor\" data-id=\"9a124b8\" data-element_type=\"widget\" data-e-type=\"widget\" data-widget_type=\"text-editor.default\">\n\t\t\t\t\t\t\t\t\t<p>IV. LINKS POLICY<\/p>\t\t\t\t\t\t\t\t<\/div>\n\t\t\t\t<div class=\"elementor-element elementor-element-a47fdfc elementor-widget elementor-widget-text-editor\" data-id=\"a47fdfc\" data-element_type=\"widget\" data-e-type=\"widget\" data-widget_type=\"text-editor.default\">\n\t\t\t\t\t\t\t\t\t<p><strong>KEEL<\/strong> does not offer or market, either itself or through third parties, the products and\/or services available on said linked sites.<\/p>\n<p>The User or third party who creates a hyperlink from a web page of another, different, website to the Website of <strong>KEEL<\/strong> you should know that:<\/p>\n<p>Reproduction - in whole or in part - of any of the Contents and\/or Services of the Website is not permitted without express authorization from <strong>KEEL<\/strong>.<\/p>\n<p>No false, inaccurate or incorrect statement about the Website is permitted either. <strong>KEEL<\/strong>, nor about the Contents and\/or Services thereof.<\/p>\n<p>With the exception of the hyperlink, the website on which said hyperlink is established will not contain any element of this Website protected as intellectual property by the Spanish legal system, unless expressly authorized by <strong>KEEL<\/strong>.<\/p>\n<p>The establishment of the hyperlink will not imply the existence of relations between <strong>KEEL<\/strong> and the owner of the website from which it is made, nor the knowledge and acceptance of <strong>KEEL<\/strong> of the contents, services and\/or activities offered on said website, and vice versa.<\/p>\t\t\t\t\t\t\t\t<\/div>\n\t\t\t\t<div class=\"elementor-element elementor-element-647cecb elementor-widget elementor-widget-text-editor\" data-id=\"647cecb\" data-element_type=\"widget\" data-e-type=\"widget\" data-widget_type=\"text-editor.default\">\n\t\t\t\t\t\t\t\t\t<p>V. INTELLECTUAL AND INDUSTRIAL PROPERTY<\/p>\t\t\t\t\t\t\t\t<\/div>\n\t\t\t\t<div class=\"elementor-element elementor-element-8a745e9 elementor-widget elementor-widget-text-editor\" data-id=\"8a745e9\" data-element_type=\"widget\" data-e-type=\"widget\" data-widget_type=\"text-editor.default\">\n\t\t\t\t\t\t\t\t\t<p><strong>KEEL<\/strong> For itself or as an assignee, it is the owner of all intellectual and industrial property rights of the Website, as well as of the elements contained therein (including, but not limited to, images, sound, audio, video, software or texts, trademarks or logos, color combinations, structure and design, selection of materials used, computer programs necessary for its operation, access and use, etc.). Consequently, these works are protected as intellectual property by Spanish law, and both Spanish and European regulations in this field, as well as international treaties relating to the subject matter and signed by Spain, are applicable to them.<\/p>\n<p>All rights reserved. Pursuant to the provisions of the Intellectual Property Law, the reproduction, distribution, and public communication, including making available, of all or part of the contents of this website, for commercial purposes, on any medium and by any technical means, are expressly prohibited without the authorization of <strong>KEEL<\/strong>.<\/p>\n<p>The User undertakes to respect the intellectual and industrial property rights of <strong>KEEL<\/strong>You may view the elements of the Website or even print, copy, and store them on your computer&#039;s hard drive or any other physical medium, provided that this is done exclusively for your personal use. However, the User may not delete, alter, or manipulate any protective device or security system installed on the Website.<\/p>\n<p>In the event that the User or a third party considers that any of the Contents of the Website constitutes a violation of intellectual property protection rights, they must immediately notify <strong>KEEL<\/strong> through the contact information in the GENERAL INFORMATION section of this Legal Notice and General Conditions of Use.<\/p>\t\t\t\t\t\t\t\t<\/div>\n\t\t\t\t<div class=\"elementor-element elementor-element-4e74654 elementor-widget elementor-widget-text-editor\" data-id=\"4e74654\" data-element_type=\"widget\" data-e-type=\"widget\" data-widget_type=\"text-editor.default\">\n\t\t\t\t\t\t\t\t\t<p>VI. LEGAL ACTIONS, APPLICABLE LEGISLATION AND JURISDICTION<\/p>\t\t\t\t\t\t\t\t<\/div>\n\t\t\t\t<div class=\"elementor-element elementor-element-5f66093 elementor-widget elementor-widget-text-editor\" data-id=\"5f66093\" data-element_type=\"widget\" data-e-type=\"widget\" data-widget_type=\"text-editor.default\">\n\t\t\t\t\t\t\t\t\t<p><strong>KEEL<\/strong> reserves the right to file any civil or criminal actions it deems necessary for improper use of the Website and Contents, or for non-compliance with these Conditions.<\/p>\n<p>The relationship between the User and <strong>KEEL<\/strong> It will be governed by the regulations in force and applicable in Spanish territory. Should any dispute arise regarding the interpretation and\/or application of these Conditions, the parties shall submit their disputes to ordinary jurisdiction, submitting to the corresponding courts and tribunals.<\/p>\n<p>This Legal Notice and General Terms of Use document for the website was created using the online Legal Notice and Terms of Use template generator on July 16, 2021.<\/p>\t\t\t\t\t\t\t\t<\/div>\n\t\t\t\t\t<\/div>\n\t\t\t\t<\/div>\n\t\t\t\t<\/div>","protected":false},"excerpt":{"rendered":"<p>Aviso legal y condiciones generales de uso. I. INFORMACI\u00d3N GENERAL En cumplimiento con el deber de informaci\u00f3n dispuesto en la Ley 34\/2002 de Servicios de la Sociedad de la Informaci\u00f3n y el Comercio Electr\u00f3nico (LSSI-CE) de 11 de julio, se facilitan a continuaci\u00f3n los siguientes datos de informaci\u00f3n general de este sitio web: La titularidad [&hellip;]<\/p>\n","protected":false},"author":1,"featured_media":0,"parent":0,"menu_order":0,"comment_status":"closed","ping_status":"closed","template":"","meta":{"footnotes":""},"class_list":["post-1204","page","type-page","status-publish","hentry"],"yoast_head":"<!-- This site is optimized with the Yoast SEO plugin v27.4 - https:\/\/yoast.com\/product\/yoast-seo-wordpress\/ -->\n<title>Aviso Legal - Quilla, Restaurante C\u00e1diz<\/title>\n<meta name=\"robots\" content=\"noindex, follow\" \/>\n<meta property=\"og:locale\" content=\"en_GB\" \/>\n<meta property=\"og:type\" content=\"article\" \/>\n<meta property=\"og:title\" content=\"Aviso Legal - Quilla, Restaurante C\u00e1diz\" \/>\n<meta property=\"og:description\" content=\"Aviso legal y condiciones generales de uso. I. INFORMACI\u00d3N GENERAL En cumplimiento con el deber de informaci\u00f3n dispuesto en la Ley 34\/2002 de Servicios de la Sociedad de la Informaci\u00f3n y el Comercio Electr\u00f3nico (LSSI-CE) de 11 de julio, se facilitan a continuaci\u00f3n los siguientes datos de informaci\u00f3n general de este sitio web: La titularidad [&hellip;]\" \/>\n<meta property=\"og:url\" content=\"https:\/\/quilla.es\/en\/aviso-legal\/\" \/>\n<meta property=\"og:site_name\" content=\"Quilla, Restaurante C\u00e1diz\" \/>\n<meta property=\"article:modified_time\" content=\"2025-09-19T11:53:15+00:00\" \/>\n<meta name=\"twitter:card\" content=\"summary_large_image\" \/>\n<meta name=\"twitter:label1\" content=\"Estimated reading time\" \/>\n\t<meta name=\"twitter:data1\" content=\"7 minutes\" \/>\n<script type=\"application\/ld+json\" class=\"yoast-schema-graph\">{\"@context\":\"https:\\\/\\\/schema.org\",\"@graph\":[{\"@type\":\"WebPage\",\"@id\":\"https:\\\/\\\/quilla.es\\\/aviso-legal\\\/\",\"url\":\"https:\\\/\\\/quilla.es\\\/aviso-legal\\\/\",\"name\":\"Aviso Legal - Quilla, Restaurante C\u00e1diz\",\"isPartOf\":{\"@id\":\"https:\\\/\\\/quilla.es\\\/#website\"},\"datePublished\":\"2021-11-22T19:25:17+00:00\",\"dateModified\":\"2025-09-19T11:53:15+00:00\",\"breadcrumb\":{\"@id\":\"https:\\\/\\\/quilla.es\\\/aviso-legal\\\/#breadcrumb\"},\"inLanguage\":\"en-GB\",\"potentialAction\":[{\"@type\":\"ReadAction\",\"target\":[\"https:\\\/\\\/quilla.es\\\/aviso-legal\\\/\"]}]},{\"@type\":\"BreadcrumbList\",\"@id\":\"https:\\\/\\\/quilla.es\\\/aviso-legal\\\/#breadcrumb\",\"itemListElement\":[{\"@type\":\"ListItem\",\"position\":1,\"name\":\"Portada\",\"item\":\"https:\\\/\\\/quilla.es\\\/\"},{\"@type\":\"ListItem\",\"position\":2,\"name\":\"Aviso Legal\"}]},{\"@type\":\"WebSite\",\"@id\":\"https:\\\/\\\/quilla.es\\\/#website\",\"url\":\"https:\\\/\\\/quilla.es\\\/\",\"name\":\"Quilla, Restaurante C\u00e1diz\",\"description\":\"Restaurante en C\u00e1diz con vistas a las Caleta\",\"publisher\":{\"@id\":\"https:\\\/\\\/quilla.es\\\/#organization\"},\"potentialAction\":[{\"@type\":\"SearchAction\",\"target\":{\"@type\":\"EntryPoint\",\"urlTemplate\":\"https:\\\/\\\/quilla.es\\\/?s={search_term_string}\"},\"query-input\":{\"@type\":\"PropertyValueSpecification\",\"valueRequired\":true,\"valueName\":\"search_term_string\"}}],\"inLanguage\":\"en-GB\"},{\"@type\":\"Organization\",\"@id\":\"https:\\\/\\\/quilla.es\\\/#organization\",\"name\":\"Quilla, Restaurante C\u00e1diz\",\"url\":\"https:\\\/\\\/quilla.es\\\/\",\"logo\":{\"@type\":\"ImageObject\",\"inLanguage\":\"en-GB\",\"@id\":\"https:\\\/\\\/quilla.es\\\/#\\\/schema\\\/logo\\\/image\\\/\",\"url\":\"https:\\\/\\\/quilla.es\\\/wp-content\\\/uploads\\\/2020\\\/06\\\/quilla-restaurante.svg\",\"contentUrl\":\"https:\\\/\\\/quilla.es\\\/wp-content\\\/uploads\\\/2020\\\/06\\\/quilla-restaurante.svg\",\"width\":1656,\"height\":1505,\"caption\":\"Quilla, Restaurante C\u00e1diz\"},\"image\":{\"@id\":\"https:\\\/\\\/quilla.es\\\/#\\\/schema\\\/logo\\\/image\\\/\"}}]}<\/script>\n<!-- \/ Yoast SEO plugin. -->","yoast_head_json":{"title":"Aviso Legal - Quilla, Restaurante C\u00e1diz","robots":{"index":"noindex","follow":"follow"},"og_locale":"en_GB","og_type":"article","og_title":"Aviso Legal - Quilla, Restaurante C\u00e1diz","og_description":"Aviso legal y condiciones generales de uso. I. INFORMACI\u00d3N GENERAL En cumplimiento con el deber de informaci\u00f3n dispuesto en la Ley 34\/2002 de Servicios de la Sociedad de la Informaci\u00f3n y el Comercio Electr\u00f3nico (LSSI-CE) de 11 de julio, se facilitan a continuaci\u00f3n los siguientes datos de informaci\u00f3n general de este sitio web: La titularidad [&hellip;]","og_url":"https:\/\/quilla.es\/en\/aviso-legal\/","og_site_name":"Quilla, Restaurante C\u00e1diz","article_modified_time":"2025-09-19T11:53:15+00:00","twitter_card":"summary_large_image","twitter_misc":{"Estimated reading time":"7 minutes"},"schema":{"@context":"https:\/\/schema.org","@graph":[{"@type":"WebPage","@id":"https:\/\/quilla.es\/aviso-legal\/","url":"https:\/\/quilla.es\/aviso-legal\/","name":"Aviso Legal - Quilla, Restaurante C\u00e1diz","isPartOf":{"@id":"https:\/\/quilla.es\/#website"},"datePublished":"2021-11-22T19:25:17+00:00","dateModified":"2025-09-19T11:53:15+00:00","breadcrumb":{"@id":"https:\/\/quilla.es\/aviso-legal\/#breadcrumb"},"inLanguage":"en-GB","potentialAction":[{"@type":"ReadAction","target":["https:\/\/quilla.es\/aviso-legal\/"]}]},{"@type":"BreadcrumbList","@id":"https:\/\/quilla.es\/aviso-legal\/#breadcrumb","itemListElement":[{"@type":"ListItem","position":1,"name":"Portada","item":"https:\/\/quilla.es\/"},{"@type":"ListItem","position":2,"name":"Aviso Legal"}]},{"@type":"WebSite","@id":"https:\/\/quilla.es\/#website","url":"https:\/\/quilla.es\/","name":"Quilla, Cadiz Restaurant","description":"Restaurant in C\u00e1diz with views of the Caleta","publisher":{"@id":"https:\/\/quilla.es\/#organization"},"potentialAction":[{"@type":"SearchAction","target":{"@type":"EntryPoint","urlTemplate":"https:\/\/quilla.es\/?s={search_term_string}"},"query-input":{"@type":"PropertyValueSpecification","valueRequired":true,"valueName":"search_term_string"}}],"inLanguage":"en-GB"},{"@type":"Organization","@id":"https:\/\/quilla.es\/#organization","name":"Quilla, Cadiz Restaurant","url":"https:\/\/quilla.es\/","logo":{"@type":"ImageObject","inLanguage":"en-GB","@id":"https:\/\/quilla.es\/#\/schema\/logo\/image\/","url":"https:\/\/quilla.es\/wp-content\/uploads\/2020\/06\/quilla-restaurante.svg","contentUrl":"https:\/\/quilla.es\/wp-content\/uploads\/2020\/06\/quilla-restaurante.svg","width":1656,"height":1505,"caption":"Quilla, Restaurante C\u00e1diz"},"image":{"@id":"https:\/\/quilla.es\/#\/schema\/logo\/image\/"}}]}},"_links":{"self":[{"href":"https:\/\/quilla.es\/en\/wp-json\/wp\/v2\/pages\/1204","targetHints":{"allow":["GET"]}}],"collection":[{"href":"https:\/\/quilla.es\/en\/wp-json\/wp\/v2\/pages"}],"about":[{"href":"https:\/\/quilla.es\/en\/wp-json\/wp\/v2\/types\/page"}],"author":[{"embeddable":true,"href":"https:\/\/quilla.es\/en\/wp-json\/wp\/v2\/users\/1"}],"replies":[{"embeddable":true,"href":"https:\/\/quilla.es\/en\/wp-json\/wp\/v2\/comments?post=1204"}],"version-history":[{"count":3,"href":"https:\/\/quilla.es\/en\/wp-json\/wp\/v2\/pages\/1204\/revisions"}],"predecessor-version":[{"id":3488,"href":"https:\/\/quilla.es\/en\/wp-json\/wp\/v2\/pages\/1204\/revisions\/3488"}],"wp:attachment":[{"href":"https:\/\/quilla.es\/en\/wp-json\/wp\/v2\/media?parent=1204"}],"curies":[{"name":"wp","href":"https:\/\/api.w.org\/{rel}","templated":true}]}}