{"id":3602,"date":"2025-08-04T12:28:57","date_gmt":"2025-08-04T10:28:57","guid":{"rendered":"https:\/\/quilla.es\/shenzhou\/?page_id=3602"},"modified":"2025-09-19T14:06:48","modified_gmt":"2025-09-19T12:06:48","slug":"alergenos","status":"publish","type":"page","link":"https:\/\/quilla.es\/en\/alergenos\/","title":{"rendered":"Allergens"},"content":{"rendered":"<div data-elementor-type=\"wp-page\" data-elementor-id=\"3602\" class=\"elementor elementor-3602\" data-elementor-post-type=\"page\">\n\t\t\t\t<div class=\"elementor-element elementor-element-e883258 e-flex e-con-boxed e-con e-parent\" data-id=\"e883258\" data-element_type=\"container\" data-e-type=\"container\" data-settings=\"{&quot;background_background&quot;:&quot;classic&quot;}\">\n\t\t\t\t\t<div class=\"e-con-inner\">\n\t\t<div class=\"elementor-element elementor-element-ae498d8 e-con-full e-flex e-con e-child\" data-id=\"ae498d8\" data-element_type=\"container\" data-e-type=\"container\">\n\t\t\t\t<div class=\"elementor-element elementor-element-681cb45 elementor-view-default elementor-widget elementor-widget-icon\" data-id=\"681cb45\" data-element_type=\"widget\" data-e-type=\"widget\" data-widget_type=\"icon.default\">\n\t\t\t\t\t\t\t<div class=\"elementor-icon-wrapper\">\n\t\t\t<div class=\"elementor-icon\">\n\t\t\t<svg xmlns=\"http:\/\/www.w3.org\/2000\/svg\" width=\"600\" height=\"47\" viewbox=\"0 0 600 47\" fill=\"none\"><path d=\"M1.99998 47L2 2L598 2L598 47\" stroke=\"black\" stroke-width=\"3\"><\/path><\/svg>\t\t\t<\/div>\n\t\t<\/div>\n\t\t\t\t\t\t<\/div>\n\t\t<div class=\"elementor-element elementor-element-d13d1c2 e-con-full e-flex e-con e-child\" data-id=\"d13d1c2\" data-element_type=\"container\" data-e-type=\"container\">\n\t\t\t\t<div class=\"elementor-element elementor-element-0027db7 elementor-widget__width-inherit elementor-widget elementor-widget-heading\" data-id=\"0027db7\" data-element_type=\"widget\" data-e-type=\"widget\" data-widget_type=\"heading.default\">\n\t\t\t\t\t<h1 class=\"elementor-heading-title elementor-size-default\">List of allergens.<\/h1>\t\t\t\t<\/div>\n\t\t\t\t<div class=\"elementor-element elementor-element-0da549b elementor-widget__width-initial elementor-widget elementor-widget-text-editor\" data-id=\"0da549b\" data-element_type=\"widget\" data-e-type=\"widget\" data-widget_type=\"text-editor.default\">\n\t\t\t\t\t\t\t\t\t<p>1- Contains Gluten\u00a0<br \/>2- Crustaceans<br \/>3- Egg<br \/>4- Fish<br \/>5- Peanuts<br \/>6- Soy<br \/>7- Dairy products<\/p>\t\t\t\t\t\t\t\t<\/div>\n\t\t\t\t<div class=\"elementor-element elementor-element-5e39f6a elementor-widget__width-initial elementor-widget elementor-widget-text-editor\" data-id=\"5e39f6a\" data-element_type=\"widget\" data-e-type=\"widget\" data-widget_type=\"text-editor.default\">\n\t\t\t\t\t\t\t\t\t<p>8- Nuts<br \/>9- Celery<br \/>10- Mustard<br \/>11- Sesame seeds<br \/>12- Sulfur dioxide and sulfites<br \/>13- Mollusks<br \/>14- Lupins<\/p>\t\t\t\t\t\t\t\t<\/div>\n\t\t\t\t<\/div>\n\t\t\t\t<div class=\"elementor-element elementor-element-c0e29d2 elementor-view-default elementor-widget elementor-widget-icon\" data-id=\"c0e29d2\" data-element_type=\"widget\" data-e-type=\"widget\" data-widget_type=\"icon.default\">\n\t\t\t\t\t\t\t<div class=\"elementor-icon-wrapper\">\n\t\t\t<div class=\"elementor-icon\">\n\t\t\t<svg xmlns=\"http:\/\/www.w3.org\/2000\/svg\" width=\"600\" height=\"47\" viewbox=\"0 0 600 47\" fill=\"none\"><path d=\"M598 -7.02143e-05L598 45L2 45.0001L2 6.281e-05\" stroke=\"black\" stroke-width=\"3\"><\/path><\/svg>\t\t\t<\/div>\n\t\t<\/div>\n\t\t\t\t\t\t<\/div>\n\t\t\t\t<\/div>\n\t\t\t\t<div class=\"elementor-element elementor-element-012ca93 elementor-widget-mobile__width-inherit elementor-view-default elementor-widget elementor-widget-icon\" data-id=\"012ca93\" data-element_type=\"widget\" data-e-type=\"widget\" data-widget_type=\"icon.default\">\n\t\t\t\t\t\t\t<div class=\"elementor-icon-wrapper\">\n\t\t\t<a class=\"elementor-icon\" href=\"https:\/\/quilla.es\/en\/carta-restaurante-cadiz\/\">\n\t\t\t<svg xmlns=\"http:\/\/www.w3.org\/2000\/svg\" width=\"62\" height=\"62\" viewbox=\"0 0 62 62\" fill=\"none\"><circle cx=\"31\" cy=\"31\" r=\"29.5\" stroke=\"black\" stroke-width=\"3\"><\/circle><path d=\"M38 24L23 39\" stroke=\"black\" stroke-width=\"3\"><\/path><path d=\"M23 24L37.1667 39\" stroke=\"black\" stroke-width=\"3\"><\/path><\/svg>\t\t\t<\/a>\n\t\t<\/div>\n\t\t\t\t\t\t<\/div>\n\t\t\t\t\t<\/div>\n\t\t\t\t<\/div>\n\t\t\t\t<\/div>","protected":false},"excerpt":{"rendered":"<p>List of allergens. 1- Contains Gluten 2- Crustaceans 3- Egg 4- Fish 5- Peanuts 6- Soy 7- Dairy 8- Nuts 9- Celery 10- Mustard 11- Sesame seeds 12- Sulfur dioxide and sulfites 13- Molluscs 14- Lupins<\/p>","protected":false},"author":10,"featured_media":0,"parent":0,"menu_order":0,"comment_status":"closed","ping_status":"closed","template":"elementor_canvas","meta":{"footnotes":""},"class_list":["post-3602","page","type-page","status-publish","hentry"],"yoast_head":"<!-- This site is optimized with the Yoast SEO plugin v27.4 - https:\/\/yoast.com\/product\/yoast-seo-wordpress\/ -->\n<title>Al\u00e9rgenos - Quilla, Restaurante C\u00e1diz<\/title>\n<meta name=\"robots\" content=\"noindex, follow\" \/>\n<meta property=\"og:locale\" content=\"en_GB\" \/>\n<meta property=\"og:type\" content=\"article\" \/>\n<meta property=\"og:title\" content=\"Al\u00e9rgenos - Quilla, Restaurante C\u00e1diz\" \/>\n<meta property=\"og:description\" content=\"Lista de al\u00e9rgenos. 1- Contiene Gluten\u00a02- Crust\u00e1ceos3- Huevo4- Pescado5- Cacahuetes6- Soja7- L\u00e1cteos 8- Frutos de c\u00e1scaras9- Apio10- Mostaza11- Granos de s\u00e9samo12- Di\u00f3xido de azufre y sulfitos13- Moluscos14- Altramuces\" \/>\n<meta property=\"og:url\" content=\"https:\/\/quilla.es\/en\/alergenos\/\" \/>\n<meta property=\"og:site_name\" content=\"Quilla, Restaurante C\u00e1diz\" \/>\n<meta property=\"article:modified_time\" content=\"2025-09-19T12:06:48+00:00\" \/>\n<meta name=\"twitter:card\" content=\"summary_large_image\" \/>\n<meta name=\"twitter:label1\" content=\"Estimated reading time\" \/>\n\t<meta name=\"twitter:data1\" content=\"1 minute\" \/>\n<script type=\"application\/ld+json\" class=\"yoast-schema-graph\">{\"@context\":\"https:\\\/\\\/schema.org\",\"@graph\":[{\"@type\":\"WebPage\",\"@id\":\"https:\\\/\\\/quilla.es\\\/alergenos\\\/\",\"url\":\"https:\\\/\\\/quilla.es\\\/alergenos\\\/\",\"name\":\"Al\u00e9rgenos - Quilla, Restaurante C\u00e1diz\",\"isPartOf\":{\"@id\":\"https:\\\/\\\/quilla.es\\\/#website\"},\"datePublished\":\"2025-08-04T10:28:57+00:00\",\"dateModified\":\"2025-09-19T12:06:48+00:00\",\"breadcrumb\":{\"@id\":\"https:\\\/\\\/quilla.es\\\/alergenos\\\/#breadcrumb\"},\"inLanguage\":\"en-GB\",\"potentialAction\":[{\"@type\":\"ReadAction\",\"target\":[\"https:\\\/\\\/quilla.es\\\/alergenos\\\/\"]}]},{\"@type\":\"BreadcrumbList\",\"@id\":\"https:\\\/\\\/quilla.es\\\/alergenos\\\/#breadcrumb\",\"itemListElement\":[{\"@type\":\"ListItem\",\"position\":1,\"name\":\"Portada\",\"item\":\"https:\\\/\\\/quilla.es\\\/\"},{\"@type\":\"ListItem\",\"position\":2,\"name\":\"Al\u00e9rgenos\"}]},{\"@type\":\"WebSite\",\"@id\":\"https:\\\/\\\/quilla.es\\\/#website\",\"url\":\"https:\\\/\\\/quilla.es\\\/\",\"name\":\"Quilla, Restaurante C\u00e1diz\",\"description\":\"Restaurante en C\u00e1diz con vistas a las Caleta\",\"publisher\":{\"@id\":\"https:\\\/\\\/quilla.es\\\/#organization\"},\"potentialAction\":[{\"@type\":\"SearchAction\",\"target\":{\"@type\":\"EntryPoint\",\"urlTemplate\":\"https:\\\/\\\/quilla.es\\\/?s={search_term_string}\"},\"query-input\":{\"@type\":\"PropertyValueSpecification\",\"valueRequired\":true,\"valueName\":\"search_term_string\"}}],\"inLanguage\":\"en-GB\"},{\"@type\":\"Organization\",\"@id\":\"https:\\\/\\\/quilla.es\\\/#organization\",\"name\":\"Quilla, Restaurante C\u00e1diz\",\"url\":\"https:\\\/\\\/quilla.es\\\/\",\"logo\":{\"@type\":\"ImageObject\",\"inLanguage\":\"en-GB\",\"@id\":\"https:\\\/\\\/quilla.es\\\/#\\\/schema\\\/logo\\\/image\\\/\",\"url\":\"https:\\\/\\\/quilla.es\\\/wp-content\\\/uploads\\\/2020\\\/06\\\/quilla-restaurante.svg\",\"contentUrl\":\"https:\\\/\\\/quilla.es\\\/wp-content\\\/uploads\\\/2020\\\/06\\\/quilla-restaurante.svg\",\"width\":1656,\"height\":1505,\"caption\":\"Quilla, Restaurante C\u00e1diz\"},\"image\":{\"@id\":\"https:\\\/\\\/quilla.es\\\/#\\\/schema\\\/logo\\\/image\\\/\"}}]}<\/script>\n<!-- \/ Yoast SEO plugin. -->","yoast_head_json":{"title":"Al\u00e9rgenos - Quilla, Restaurante C\u00e1diz","robots":{"index":"noindex","follow":"follow"},"og_locale":"en_GB","og_type":"article","og_title":"Al\u00e9rgenos - Quilla, Restaurante C\u00e1diz","og_description":"Lista de al\u00e9rgenos. 1- Contiene Gluten\u00a02- Crust\u00e1ceos3- Huevo4- Pescado5- Cacahuetes6- Soja7- L\u00e1cteos 8- Frutos de c\u00e1scaras9- Apio10- Mostaza11- Granos de s\u00e9samo12- Di\u00f3xido de azufre y sulfitos13- Moluscos14- Altramuces","og_url":"https:\/\/quilla.es\/en\/alergenos\/","og_site_name":"Quilla, Restaurante C\u00e1diz","article_modified_time":"2025-09-19T12:06:48+00:00","twitter_card":"summary_large_image","twitter_misc":{"Estimated reading time":"1 minute"},"schema":{"@context":"https:\/\/schema.org","@graph":[{"@type":"WebPage","@id":"https:\/\/quilla.es\/alergenos\/","url":"https:\/\/quilla.es\/alergenos\/","name":"Al\u00e9rgenos - Quilla, Restaurante C\u00e1diz","isPartOf":{"@id":"https:\/\/quilla.es\/#website"},"datePublished":"2025-08-04T10:28:57+00:00","dateModified":"2025-09-19T12:06:48+00:00","breadcrumb":{"@id":"https:\/\/quilla.es\/alergenos\/#breadcrumb"},"inLanguage":"en-GB","potentialAction":[{"@type":"ReadAction","target":["https:\/\/quilla.es\/alergenos\/"]}]},{"@type":"BreadcrumbList","@id":"https:\/\/quilla.es\/alergenos\/#breadcrumb","itemListElement":[{"@type":"ListItem","position":1,"name":"Portada","item":"https:\/\/quilla.es\/"},{"@type":"ListItem","position":2,"name":"Al\u00e9rgenos"}]},{"@type":"WebSite","@id":"https:\/\/quilla.es\/#website","url":"https:\/\/quilla.es\/","name":"Quilla, Cadiz Restaurant","description":"Restaurant in C\u00e1diz with views of the Caleta","publisher":{"@id":"https:\/\/quilla.es\/#organization"},"potentialAction":[{"@type":"SearchAction","target":{"@type":"EntryPoint","urlTemplate":"https:\/\/quilla.es\/?s={search_term_string}"},"query-input":{"@type":"PropertyValueSpecification","valueRequired":true,"valueName":"search_term_string"}}],"inLanguage":"en-GB"},{"@type":"Organization","@id":"https:\/\/quilla.es\/#organization","name":"Quilla, Cadiz Restaurant","url":"https:\/\/quilla.es\/","logo":{"@type":"ImageObject","inLanguage":"en-GB","@id":"https:\/\/quilla.es\/#\/schema\/logo\/image\/","url":"https:\/\/quilla.es\/wp-content\/uploads\/2020\/06\/quilla-restaurante.svg","contentUrl":"https:\/\/quilla.es\/wp-content\/uploads\/2020\/06\/quilla-restaurante.svg","width":1656,"height":1505,"caption":"Quilla, Restaurante C\u00e1diz"},"image":{"@id":"https:\/\/quilla.es\/#\/schema\/logo\/image\/"}}]}},"_links":{"self":[{"href":"https:\/\/quilla.es\/en\/wp-json\/wp\/v2\/pages\/3602","targetHints":{"allow":["GET"]}}],"collection":[{"href":"https:\/\/quilla.es\/en\/wp-json\/wp\/v2\/pages"}],"about":[{"href":"https:\/\/quilla.es\/en\/wp-json\/wp\/v2\/types\/page"}],"author":[{"embeddable":true,"href":"https:\/\/quilla.es\/en\/wp-json\/wp\/v2\/users\/10"}],"replies":[{"embeddable":true,"href":"https:\/\/quilla.es\/en\/wp-json\/wp\/v2\/comments?post=3602"}],"version-history":[{"count":13,"href":"https:\/\/quilla.es\/en\/wp-json\/wp\/v2\/pages\/3602\/revisions"}],"predecessor-version":[{"id":4097,"href":"https:\/\/quilla.es\/en\/wp-json\/wp\/v2\/pages\/3602\/revisions\/4097"}],"wp:attachment":[{"href":"https:\/\/quilla.es\/en\/wp-json\/wp\/v2\/media?parent=3602"}],"curies":[{"name":"wp","href":"https:\/\/api.w.org\/{rel}","templated":true}]}}