{"id":4199,"date":"2025-09-11T13:59:18","date_gmt":"2025-09-11T11:59:18","guid":{"rendered":"https:\/\/quilla.es\/?post_type=product&#038;p=4199"},"modified":"2025-09-15T12:30:54","modified_gmt":"2025-09-15T10:30:54","slug":"menu-de-pareja","status":"publish","type":"product","link":"https:\/\/quilla.es\/en\/product\/menu-de-pareja\/","title":{"rendered":"Couple&#039;s menu"},"content":{"rendered":"<p>A menu designed to be shared as a couple, ideal for gifting and enjoying a unique gastronomic experience together.<br \/>\nPrice of \u20ac30 per person.<\/p>","protected":false},"excerpt":{"rendered":"<p>A menu designed to be shared as a couple, ideal for gifting and enjoying a unique gastronomic experience together. Priced at \u20ac30 per person.<\/p>","protected":false},"featured_media":3797,"comment_status":"open","ping_status":"closed","template":"","meta":[],"product_brand":[],"product_cat":[55],"product_tag":[],"class_list":{"0":"post-4199","1":"product","2":"type-product","3":"status-publish","4":"has-post-thumbnail","6":"product_cat-sin-categorizar","8":"first","9":"instock","10":"virtual","11":"purchasable","12":"product-type-simple"},"yoast_head":"<!-- This site is optimized with the Yoast SEO plugin v27.4 - https:\/\/yoast.com\/product\/yoast-seo-wordpress\/ -->\n<title>Men\u00fa de pareja - Quilla, Restaurante C\u00e1diz<\/title>\n<meta name=\"robots\" content=\"index, follow, max-snippet:-1, max-image-preview:large, max-video-preview:-1\" \/>\n<link rel=\"canonical\" href=\"https:\/\/quilla.es\/en\/product\/menu-de-pareja\/\" \/>\n<meta property=\"og:locale\" content=\"en_GB\" \/>\n<meta property=\"og:type\" content=\"article\" \/>\n<meta property=\"og:title\" content=\"Men\u00fa de pareja - Quilla, Restaurante C\u00e1diz\" \/>\n<meta property=\"og:description\" content=\"Un men\u00fa dise\u00f1ado para compartir en pareja, ideal para regalar y disfrutar de una experiencia gastron\u00f3mica \u00fanica juntos. Precio de 30\u20ac por persona.\" \/>\n<meta property=\"og:url\" content=\"https:\/\/quilla.es\/en\/product\/menu-de-pareja\/\" \/>\n<meta property=\"og:site_name\" content=\"Quilla, Restaurante C\u00e1diz\" \/>\n<meta property=\"article:modified_time\" content=\"2025-09-15T10:30:54+00:00\" \/>\n<meta property=\"og:image\" content=\"https:\/\/quilla.es\/wp-content\/uploads\/2025\/08\/DSC7136-1.webp\" \/>\n\t<meta property=\"og:image:width\" content=\"2202\" \/>\n\t<meta property=\"og:image:height\" content=\"1455\" \/>\n\t<meta property=\"og:image:type\" content=\"image\/webp\" \/>\n<meta name=\"twitter:card\" content=\"summary_large_image\" \/>\n<meta name=\"twitter:label1\" content=\"Estimated reading time\" \/>\n\t<meta name=\"twitter:data1\" content=\"1 minute\" \/>\n<script type=\"application\/ld+json\" class=\"yoast-schema-graph\">{\"@context\":\"https:\\\/\\\/schema.org\",\"@graph\":[{\"@type\":\"WebPage\",\"@id\":\"https:\\\/\\\/quilla.es\\\/producto\\\/menu-de-pareja\\\/\",\"url\":\"https:\\\/\\\/quilla.es\\\/producto\\\/menu-de-pareja\\\/\",\"name\":\"Men\u00fa de pareja - Quilla, Restaurante C\u00e1diz\",\"isPartOf\":{\"@id\":\"https:\\\/\\\/quilla.es\\\/#website\"},\"primaryImageOfPage\":{\"@id\":\"https:\\\/\\\/quilla.es\\\/producto\\\/menu-de-pareja\\\/#primaryimage\"},\"image\":{\"@id\":\"https:\\\/\\\/quilla.es\\\/producto\\\/menu-de-pareja\\\/#primaryimage\"},\"thumbnailUrl\":\"https:\\\/\\\/quilla.es\\\/wp-content\\\/uploads\\\/2025\\\/08\\\/DSC7136-1.webp\",\"datePublished\":\"2025-09-11T11:59:18+00:00\",\"dateModified\":\"2025-09-15T10:30:54+00:00\",\"breadcrumb\":{\"@id\":\"https:\\\/\\\/quilla.es\\\/producto\\\/menu-de-pareja\\\/#breadcrumb\"},\"inLanguage\":\"en-GB\",\"potentialAction\":[{\"@type\":\"ReadAction\",\"target\":[\"https:\\\/\\\/quilla.es\\\/producto\\\/menu-de-pareja\\\/\"]}]},{\"@type\":\"ImageObject\",\"inLanguage\":\"en-GB\",\"@id\":\"https:\\\/\\\/quilla.es\\\/producto\\\/menu-de-pareja\\\/#primaryimage\",\"url\":\"https:\\\/\\\/quilla.es\\\/wp-content\\\/uploads\\\/2025\\\/08\\\/DSC7136-1.webp\",\"contentUrl\":\"https:\\\/\\\/quilla.es\\\/wp-content\\\/uploads\\\/2025\\\/08\\\/DSC7136-1.webp\",\"width\":2202,\"height\":1455},{\"@type\":\"BreadcrumbList\",\"@id\":\"https:\\\/\\\/quilla.es\\\/producto\\\/menu-de-pareja\\\/#breadcrumb\",\"itemListElement\":[{\"@type\":\"ListItem\",\"position\":1,\"name\":\"Portada\",\"item\":\"https:\\\/\\\/quilla.es\\\/\"},{\"@type\":\"ListItem\",\"position\":2,\"name\":\"Tienda\",\"item\":\"https:\\\/\\\/quilla.es\\\/menus-restaurante-quilla-cadiz\\\/\"},{\"@type\":\"ListItem\",\"position\":3,\"name\":\"Men\u00fa de pareja\"}]},{\"@type\":\"WebSite\",\"@id\":\"https:\\\/\\\/quilla.es\\\/#website\",\"url\":\"https:\\\/\\\/quilla.es\\\/\",\"name\":\"Quilla, Restaurante C\u00e1diz\",\"description\":\"Restaurante en C\u00e1diz con vistas a las Caleta\",\"publisher\":{\"@id\":\"https:\\\/\\\/quilla.es\\\/#organization\"},\"potentialAction\":[{\"@type\":\"SearchAction\",\"target\":{\"@type\":\"EntryPoint\",\"urlTemplate\":\"https:\\\/\\\/quilla.es\\\/?s={search_term_string}\"},\"query-input\":{\"@type\":\"PropertyValueSpecification\",\"valueRequired\":true,\"valueName\":\"search_term_string\"}}],\"inLanguage\":\"en-GB\"},{\"@type\":\"Organization\",\"@id\":\"https:\\\/\\\/quilla.es\\\/#organization\",\"name\":\"Quilla, Restaurante C\u00e1diz\",\"url\":\"https:\\\/\\\/quilla.es\\\/\",\"logo\":{\"@type\":\"ImageObject\",\"inLanguage\":\"en-GB\",\"@id\":\"https:\\\/\\\/quilla.es\\\/#\\\/schema\\\/logo\\\/image\\\/\",\"url\":\"https:\\\/\\\/quilla.es\\\/wp-content\\\/uploads\\\/2020\\\/06\\\/quilla-restaurante.svg\",\"contentUrl\":\"https:\\\/\\\/quilla.es\\\/wp-content\\\/uploads\\\/2020\\\/06\\\/quilla-restaurante.svg\",\"width\":1656,\"height\":1505,\"caption\":\"Quilla, Restaurante C\u00e1diz\"},\"image\":{\"@id\":\"https:\\\/\\\/quilla.es\\\/#\\\/schema\\\/logo\\\/image\\\/\"}}]}<\/script>\n<!-- \/ Yoast SEO plugin. -->","yoast_head_json":{"title":"Men\u00fa de pareja - Quilla, Restaurante C\u00e1diz","robots":{"index":"index","follow":"follow","max-snippet":"max-snippet:-1","max-image-preview":"max-image-preview:large","max-video-preview":"max-video-preview:-1"},"canonical":"https:\/\/quilla.es\/en\/product\/menu-de-pareja\/","og_locale":"en_GB","og_type":"article","og_title":"Men\u00fa de pareja - Quilla, Restaurante C\u00e1diz","og_description":"Un men\u00fa dise\u00f1ado para compartir en pareja, ideal para regalar y disfrutar de una experiencia gastron\u00f3mica \u00fanica juntos. Precio de 30\u20ac por persona.","og_url":"https:\/\/quilla.es\/en\/product\/menu-de-pareja\/","og_site_name":"Quilla, Restaurante C\u00e1diz","article_modified_time":"2025-09-15T10:30:54+00:00","og_image":[{"width":2202,"height":1455,"url":"https:\/\/quilla.es\/wp-content\/uploads\/2025\/08\/DSC7136-1.webp","type":"image\/webp"}],"twitter_card":"summary_large_image","twitter_misc":{"Estimated reading time":"1 minute"},"schema":{"@context":"https:\/\/schema.org","@graph":[{"@type":"WebPage","@id":"https:\/\/quilla.es\/producto\/menu-de-pareja\/","url":"https:\/\/quilla.es\/producto\/menu-de-pareja\/","name":"Men\u00fa de pareja - Quilla, Restaurante C\u00e1diz","isPartOf":{"@id":"https:\/\/quilla.es\/#website"},"primaryImageOfPage":{"@id":"https:\/\/quilla.es\/producto\/menu-de-pareja\/#primaryimage"},"image":{"@id":"https:\/\/quilla.es\/producto\/menu-de-pareja\/#primaryimage"},"thumbnailUrl":"https:\/\/quilla.es\/wp-content\/uploads\/2025\/08\/DSC7136-1.webp","datePublished":"2025-09-11T11:59:18+00:00","dateModified":"2025-09-15T10:30:54+00:00","breadcrumb":{"@id":"https:\/\/quilla.es\/producto\/menu-de-pareja\/#breadcrumb"},"inLanguage":"en-GB","potentialAction":[{"@type":"ReadAction","target":["https:\/\/quilla.es\/producto\/menu-de-pareja\/"]}]},{"@type":"ImageObject","inLanguage":"en-GB","@id":"https:\/\/quilla.es\/producto\/menu-de-pareja\/#primaryimage","url":"https:\/\/quilla.es\/wp-content\/uploads\/2025\/08\/DSC7136-1.webp","contentUrl":"https:\/\/quilla.es\/wp-content\/uploads\/2025\/08\/DSC7136-1.webp","width":2202,"height":1455},{"@type":"BreadcrumbList","@id":"https:\/\/quilla.es\/producto\/menu-de-pareja\/#breadcrumb","itemListElement":[{"@type":"ListItem","position":1,"name":"Portada","item":"https:\/\/quilla.es\/"},{"@type":"ListItem","position":2,"name":"Tienda","item":"https:\/\/quilla.es\/menus-restaurante-quilla-cadiz\/"},{"@type":"ListItem","position":3,"name":"Men\u00fa de pareja"}]},{"@type":"WebSite","@id":"https:\/\/quilla.es\/#website","url":"https:\/\/quilla.es\/","name":"Quilla, Cadiz Restaurant","description":"Restaurant in C\u00e1diz with views of the Caleta","publisher":{"@id":"https:\/\/quilla.es\/#organization"},"potentialAction":[{"@type":"SearchAction","target":{"@type":"EntryPoint","urlTemplate":"https:\/\/quilla.es\/?s={search_term_string}"},"query-input":{"@type":"PropertyValueSpecification","valueRequired":true,"valueName":"search_term_string"}}],"inLanguage":"en-GB"},{"@type":"Organization","@id":"https:\/\/quilla.es\/#organization","name":"Quilla, Cadiz Restaurant","url":"https:\/\/quilla.es\/","logo":{"@type":"ImageObject","inLanguage":"en-GB","@id":"https:\/\/quilla.es\/#\/schema\/logo\/image\/","url":"https:\/\/quilla.es\/wp-content\/uploads\/2020\/06\/quilla-restaurante.svg","contentUrl":"https:\/\/quilla.es\/wp-content\/uploads\/2020\/06\/quilla-restaurante.svg","width":1656,"height":1505,"caption":"Quilla, Restaurante C\u00e1diz"},"image":{"@id":"https:\/\/quilla.es\/#\/schema\/logo\/image\/"}}]}},"_links":{"self":[{"href":"https:\/\/quilla.es\/en\/wp-json\/wp\/v2\/product\/4199","targetHints":{"allow":["GET"]}}],"collection":[{"href":"https:\/\/quilla.es\/en\/wp-json\/wp\/v2\/product"}],"about":[{"href":"https:\/\/quilla.es\/en\/wp-json\/wp\/v2\/types\/product"}],"replies":[{"embeddable":true,"href":"https:\/\/quilla.es\/en\/wp-json\/wp\/v2\/comments?post=4199"}],"wp:featuredmedia":[{"embeddable":true,"href":"https:\/\/quilla.es\/en\/wp-json\/wp\/v2\/media\/3797"}],"wp:attachment":[{"href":"https:\/\/quilla.es\/en\/wp-json\/wp\/v2\/media?parent=4199"}],"wp:term":[{"taxonomy":"product_brand","embeddable":true,"href":"https:\/\/quilla.es\/en\/wp-json\/wp\/v2\/product_brand?post=4199"},{"taxonomy":"product_cat","embeddable":true,"href":"https:\/\/quilla.es\/en\/wp-json\/wp\/v2\/product_cat?post=4199"},{"taxonomy":"product_tag","embeddable":true,"href":"https:\/\/quilla.es\/en\/wp-json\/wp\/v2\/product_tag?post=4199"}],"curies":[{"name":"wp","href":"https:\/\/api.w.org\/{rel}","templated":true}]}}